{"id":4,"date":"2023-07-25T10:00:25","date_gmt":"2023-07-25T08:00:25","guid":{"rendered":"http:\/\/wp.scholl-ulm.de\/?page_id=4"},"modified":"2025-11-10T18:28:56","modified_gmt":"2025-11-10T16:28:56","slug":"startseite","status":"publish","type":"page","link":"https:\/\/www.scholl-ulm.de\/","title":{"rendered":"Startseite"},"content":{"rendered":"<div class=\"side_content\">\n<div class=\"text\">\n<h1><strong><span style=\"color: #0000ff;\">Herzlich willkommen bei<\/span><\/strong><\/h1>\n<\/div>\n<p><a href=\"https:\/\/www.scholl-ulm.de\/?attachment_id=1626\" rel=\"attachment wp-att-1626\"><img decoding=\"async\" loading=\"lazy\" class=\"alignnone size-medium wp-image-1626\" src=\"http:\/\/www.scholl-ulm.de\/wp-content\/uploads\/2023\/07\/Scholl-Vorhanggarniturenjpg-300x114.jpg\" alt=\"\" width=\"300\" height=\"114\" srcset=\"https:\/\/www.scholl-ulm.de\/wp-content\/uploads\/2023\/07\/Scholl-Vorhanggarniturenjpg-300x114.jpg 300w, https:\/\/www.scholl-ulm.de\/wp-content\/uploads\/2023\/07\/Scholl-Vorhanggarniturenjpg-1024x389.jpg 1024w, https:\/\/www.scholl-ulm.de\/wp-content\/uploads\/2023\/07\/Scholl-Vorhanggarniturenjpg-768x292.jpg 768w, https:\/\/www.scholl-ulm.de\/wp-content\/uploads\/2023\/07\/Scholl-Vorhanggarniturenjpg.jpg 1412w\" sizes=\"(max-width: 300px) 100vw, 300px\" \/><\/a><\/p>\n<div><\/div>\n<p><strong style=\"font-family: Sintony;\">in Ulm-Schn\u00fcrpflingen<\/strong><\/p>\n<\/div>\n<div class=\"side_content\">\n<div class=\"text\">\n<h2><strong>Ihr Spezialist f\u00fcr Vorhangstangen,<\/strong><\/h2>\n<h2><strong>Vorhang-schienen\u00a0und Sonnenschutz<\/strong><\/h2>\n<p>&nbsp;<\/p>\n<p><strong>innovativ und Kundennah seit \u00fcber 40 Jahren<\/strong><\/p>\n<p><strong>Lieferservice mit eigenen<\/strong><\/p>\n<p><strong>Lieferfahrzeugen<\/strong><\/p>\n<p><strong><span class=\"bu\">Biegen von ALU &#8211; Profilen<\/span><\/strong><\/p>\n<p><strong><span class=\"bu\">Anpassung von Tr\u00e4gern und Zubeh\u00f6r. Bohren,<\/span><\/strong><\/p>\n<p><strong><span class=\"bu\"> Fr\u00e4sen, Gewinde schneiden ect.<\/span><\/strong><\/p>\n<\/div>\n<\/div>\n<p>&nbsp;<\/p>\n<p>&nbsp;<\/p>\n<div class=\"text\">\n<h1><span style=\"color: #0000ff;\"><strong>Vorhanggarnituren<\/strong><\/span><\/h1>\n<p style=\"padding-left: 40px;\"><strong>Messing<\/strong><\/p>\n<p style=\"padding-left: 40px;\"><strong>Edelstahl<\/strong><\/p>\n<p style=\"padding-left: 40px;\"><strong>Aluminium<\/strong><\/p>\n<p style=\"padding-left: 40px;\"><strong>Holz<\/strong><\/p>\n<p style=\"padding-left: 40px;\"><strong>Kunststoff<\/strong><\/p>\n<p>&nbsp;<\/p>\n<h1><span style=\"color: #0000ff;\"><strong>Sonnenschutz<\/strong><\/span><\/h1>\n<\/div>\n<p style=\"padding-left: 40px;\"><strong>Plissee\u00a0 (eigene Produktion)<\/strong><\/p>\n<p style=\"padding-left: 40px;\"><strong>Raffrollo<\/strong><\/p>\n<p style=\"padding-left: 40px;\"><strong>Rollo<\/strong><\/p>\n<p style=\"padding-left: 40px;\"><strong>Jalousien<\/strong><\/p>\n<p style=\"padding-left: 40px;\"><strong>Vertikalanlagen\u00a0\u00a0<\/strong><\/p>\n<p>&nbsp;<\/p>\n<h2><span style=\"color: #0000ff;\"><strong>Fliegengitter\u00a0<\/strong><\/span><\/h2>\n<p style=\"padding-left: 40px;\"><strong>Beratung<\/strong><\/p>\n<p style=\"padding-left: 40px;\"><strong>Ausmessen<\/strong><\/p>\n<p style=\"padding-left: 40px;\"><strong>Montage<\/strong><\/p>\n<p style=\"padding-left: 40px;\"><strong>eigene Produktion<\/strong><\/p>\n<p>&nbsp;<\/p>\n<div class=\"text\">\n<h2><span style=\"color: #0000ff;\"><strong>Bedruckte Stoffe<\/strong><\/span><\/h2>\n<\/div>\n<p style=\"padding-left: 40px;\">Photex Flag Light<\/p>\n<p style=\"padding-left: 40px;\">Photex Flag Direktdruck<\/p>\n<p style=\"padding-left: 40px;\">Photes Flag<\/p>\n<p style=\"padding-left: 40px;\">Photex Deco<\/p>\n<p style=\"padding-left: 40px;\">Photes Stage<\/p>\n<p>&nbsp;<\/p>\n<p>&nbsp;<\/p>\n<div class=\"box\">\n<h2><span style=\"color: #0000ff;\"><strong>Produkte<\/strong><\/span><\/h2>\n<h3><strong>Lernen Sie unser umfangreiches Produktangebot kennen.<\/strong><\/h3>\n<p>&nbsp;<\/p>\n<h3><strong><span style=\"color: #008000;\">Hier ein Beispiel<\/span><\/strong><\/h3>\n<p><span style=\"font-weight: inherit;\">Lieferbare Farben:<\/span><\/p>\n<\/div>\n<div class=\"text\">\n<h1><span style=\"color: #0000ff;\"><strong>Edelstahl-Optik<\/strong><\/span><\/h1>\n<h2><span style=\"color: #0000ff;\"><strong>schwarz matt<\/strong><\/span><\/h2>\n<h2><strong><span style=\"color: #0000ff;\">wei\u00df gl\u00e4nzend<\/span><\/strong><\/h2>\n<p>&nbsp;<\/p>\n<\/div>\n<div class=\"main_content\">\n<div class=\"text\">\n<h2><strong>\u00dcber das Register\u00a0<em><span style=\"color: #0000ff;\"> Produkte<\/span>\u00a0 \u00a0<\/em>und\u00a0\u00a0<em><span style=\"color: #0000ff;\">Scholl-Vorhanggarnituren<\/span>\u00a0<\/em><\/strong><\/h2>\n<h2><strong>k\u00f6nnen Sie unser gesamtes Lagerprogramm herunter laden.<\/strong><\/h2>\n<h2><strong>oder mit einem <span style=\"color: #0000ff;\">Mausklick auf das Bild<\/span> kommen Sie auch zum<\/strong><\/h2>\n<h2><strong>Lagerprogramm<\/strong><\/h2>\n<p>&nbsp;<\/p>\n<p><a href=\"https:\/\/www.scholl-ulm.de\/?page_id=1229\" rel=\" \"><img decoding=\"async\" loading=\"lazy\" class=\"alignnone wp-image-1646 size-full\" src=\"http:\/\/www.scholl-ulm.de\/wp-content\/uploads\/2023\/07\/20-Katalog_Scholl_Lager.jpg\" alt=\"\" width=\"958\" height=\"317\" srcset=\"https:\/\/www.scholl-ulm.de\/wp-content\/uploads\/2023\/07\/20-Katalog_Scholl_Lager.jpg 958w, https:\/\/www.scholl-ulm.de\/wp-content\/uploads\/2023\/07\/20-Katalog_Scholl_Lager-300x99.jpg 300w, https:\/\/www.scholl-ulm.de\/wp-content\/uploads\/2023\/07\/20-Katalog_Scholl_Lager-768x254.jpg 768w\" sizes=\"(max-width: 958px) 100vw, 958px\" \/><\/a><\/p>\n<p>&nbsp;<\/p>\n<p>&nbsp;<\/p>\n<p>&nbsp;<\/p>\n<p>&nbsp;<\/p>\n<\/div>\n<\/div>\n","protected":false},"excerpt":{"rendered":"<p>Herzlich willkommen bei in Ulm-Schn\u00fcrpflingen Ihr Spezialist f\u00fcr Vorhangstangen, Vorhang-schienen\u00a0und Sonnenschutz &nbsp; innovativ und Kundennah seit \u00fcber 40 Jahren Lieferservice mit eigenen Lieferfahrzeugen Biegen von ALU &#8211; Profilen Anpassung von Tr\u00e4gern und Zubeh\u00f6r. Bohren, Fr\u00e4sen, Gewinde schneiden ect. &nbsp; &nbsp; Vorhanggarnituren Messing Edelstahl Aluminium Holz Kunststoff &nbsp; Sonnenschutz Plissee\u00a0 (eigene Produktion) Raffrollo Rollo Jalousien Vertikalanlagen\u00a0\u00a0 [&hellip;]<\/p>\n","protected":false},"author":1,"featured_media":750,"parent":0,"menu_order":0,"comment_status":"closed","ping_status":"closed","template":"","meta":[],"_links":{"self":[{"href":"https:\/\/www.scholl-ulm.de\/index.php?rest_route=\/wp\/v2\/pages\/4"}],"collection":[{"href":"https:\/\/www.scholl-ulm.de\/index.php?rest_route=\/wp\/v2\/pages"}],"about":[{"href":"https:\/\/www.scholl-ulm.de\/index.php?rest_route=\/wp\/v2\/types\/page"}],"author":[{"embeddable":true,"href":"https:\/\/www.scholl-ulm.de\/index.php?rest_route=\/wp\/v2\/users\/1"}],"replies":[{"embeddable":true,"href":"https:\/\/www.scholl-ulm.de\/index.php?rest_route=%2Fwp%2Fv2%2Fcomments&post=4"}],"version-history":[{"count":133,"href":"https:\/\/www.scholl-ulm.de\/index.php?rest_route=\/wp\/v2\/pages\/4\/revisions"}],"predecessor-version":[{"id":1939,"href":"https:\/\/www.scholl-ulm.de\/index.php?rest_route=\/wp\/v2\/pages\/4\/revisions\/1939"}],"wp:featuredmedia":[{"embeddable":true,"href":"https:\/\/www.scholl-ulm.de\/index.php?rest_route=\/wp\/v2\/media\/750"}],"wp:attachment":[{"href":"https:\/\/www.scholl-ulm.de\/index.php?rest_route=%2Fwp%2Fv2%2Fmedia&parent=4"}],"curies":[{"name":"wp","href":"https:\/\/api.w.org\/{rel}","templated":true}]}}