{"id":13,"date":"2016-05-16T10:00:54","date_gmt":"2016-05-16T10:00:54","guid":{"rendered":"http:\/\/wp.scholl-ulm.de\/?page_id=13"},"modified":"2023-07-27T12:29:58","modified_gmt":"2023-07-27T10:29:58","slug":"haendler","status":"publish","type":"page","link":"http:\/\/www.scholl-ulm.de\/?page_id=13","title":{"rendered":"H\u00e4ndler"},"content":{"rendered":"<p><img decoding=\"async\" loading=\"lazy\" class=\"aligncenter size-full wp-image-29\" src=\"http:\/\/wp.scholl-ulm.de\/wp-content\/uploads\/2016\/05\/01Karte.jpg\" alt=\"01Karte\" width=\"958\" height=\"318\" srcset=\"http:\/\/www.scholl-ulm.de\/wp-content\/uploads\/2016\/05\/01Karte.jpg 958w, http:\/\/www.scholl-ulm.de\/wp-content\/uploads\/2016\/05\/01Karte-300x100.jpg 300w, http:\/\/www.scholl-ulm.de\/wp-content\/uploads\/2016\/05\/01Karte-768x255.jpg 768w\" sizes=\"(max-width: 958px) 100vw, 958px\" \/><\/p>\n<p>&nbsp;<\/p>\n<div class=\"main_content\">\n<div class=\"text\">\n<h1>Unsere Fachh\u00e4ndler<\/h1>\n<p><span class=\"Apple-style-span\">Wir finden den passenden H\u00e4ndler f\u00fcr Sie!<\/span><\/p>\n<p>Bitte kontaktieren Sie uns \u2013 wir vermitteln gerne!<\/p>\n<p>&nbsp;<\/p>\n<p><a href=\"http:\/\/wp.scholl-ulm.de\/?page_id=17\">Kontaktaufnahme mit der H. Scholl GmbH<\/a><\/p>\n<\/div>\n<\/div>\n","protected":false},"excerpt":{"rendered":"<p>&nbsp; Unsere Fachh\u00e4ndler Wir finden den passenden H\u00e4ndler f\u00fcr Sie! Bitte kontaktieren Sie uns \u2013 wir vermitteln gerne! &nbsp; Kontaktaufnahme mit der H. Scholl GmbH<\/p>\n","protected":false},"author":1,"featured_media":0,"parent":11,"menu_order":0,"comment_status":"closed","ping_status":"closed","template":"","meta":[],"_links":{"self":[{"href":"http:\/\/www.scholl-ulm.de\/index.php?rest_route=\/wp\/v2\/pages\/13"}],"collection":[{"href":"http:\/\/www.scholl-ulm.de\/index.php?rest_route=\/wp\/v2\/pages"}],"about":[{"href":"http:\/\/www.scholl-ulm.de\/index.php?rest_route=\/wp\/v2\/types\/page"}],"author":[{"embeddable":true,"href":"http:\/\/www.scholl-ulm.de\/index.php?rest_route=\/wp\/v2\/users\/1"}],"replies":[{"embeddable":true,"href":"http:\/\/www.scholl-ulm.de\/index.php?rest_route=%2Fwp%2Fv2%2Fcomments&post=13"}],"version-history":[{"count":3,"href":"http:\/\/www.scholl-ulm.de\/index.php?rest_route=\/wp\/v2\/pages\/13\/revisions"}],"predecessor-version":[{"id":202,"href":"http:\/\/www.scholl-ulm.de\/index.php?rest_route=\/wp\/v2\/pages\/13\/revisions\/202"}],"up":[{"embeddable":true,"href":"http:\/\/www.scholl-ulm.de\/index.php?rest_route=\/wp\/v2\/pages\/11"}],"wp:attachment":[{"href":"http:\/\/www.scholl-ulm.de\/index.php?rest_route=%2Fwp%2Fv2%2Fmedia&parent=13"}],"curies":[{"name":"wp","href":"https:\/\/api.w.org\/{rel}","templated":true}]}}